{"id":19,"date":"2026-05-08T10:25:54","date_gmt":"2026-05-08T10:25:54","guid":{"rendered":"https:\/\/majalis-lektura.hr\/?page_id=19"},"modified":"2026-05-08T11:08:09","modified_gmt":"2026-05-08T11:08:09","slug":"cjenik","status":"publish","type":"page","link":"https:\/\/majalis-lektura.hr\/?page_id=19","title":{"rendered":"Cjenik"},"content":{"rendered":"\n<p>Svakom tekstu, bez obzira na to koliko je dobro napisan, potrebno je stru\u010dno oko koje \u0107e ga dovesti do savr\u0161enstva.<\/p>\n\n\n\n<p><strong>Lektura teksta<\/strong><\/p>\n\n\n\n<p><strong>1,99 \u20ac<\/strong> po kartici teksta<\/p>\n\n\n\n<p><strong>Lektura teksta &#8211; studenti<\/strong><\/p>\n\n\n\n<p><strong>1,50 \u20ac <\/strong>po kartici teksta<\/p>\n\n\n\n<p><strong>Elektroni\u010dka potvrda o lekturi<\/strong><\/p>\n\n\n\n<p>Besplatno<\/p>\n\n\n\n<p><strong>Papirnata potvrda o lekturi<\/strong><\/p>\n\n\n\n<p>4,70 \u20ac<\/p>\n\n\n\n<p>Cijene su kona\u010dne jer obrt nije u sustavu PDV-a.<\/p>\n\n\n\n<div class=\"wp-block-buttons is-layout-flex wp-block-buttons-is-layout-flex\">\n<div class=\"wp-block-button\"><a class=\"wp-block-button__link has-vivid-cyan-blue-to-vivid-purple-gradient-background has-background wp-element-button\" href=\"mailto:vitkovicdurdica@gmail.com\">PO\u0160ALJI TEKST NA BESPLATNU PROCJENU<\/a><\/div>\n<\/div>\n\n\n\n<p><\/p>\n","protected":false},"excerpt":{"rendered":"<p>Svakom tekstu, bez obzira na to koliko je dobro napisan, potrebno je stru\u010dno oko koje \u0107e ga dovesti do savr\u0161enstva. Lektura teksta 1,99 \u20ac po kartici teksta Lektura teksta &#8211; studenti 1,50 \u20ac po kartici teksta Elektroni\u010dka potvrda o lekturi Besplatno Papirnata potvrda o lekturi 4,70 \u20ac Cijene su kona\u010dne jer obrt nije u sustavu &hellip; <\/p>\n<p class=\"link-more\"><a href=\"https:\/\/majalis-lektura.hr\/?page_id=19\" class=\"more-link\">Continue reading<span class=\"screen-reader-text\"> &#8220;Cjenik&#8221;<\/span><\/a><\/p>\n","protected":false},"author":1,"featured_media":61,"parent":0,"menu_order":0,"comment_status":"closed","ping_status":"closed","template":"","meta":{"footnotes":""},"class_list":["post-19","page","type-page","status-publish","has-post-thumbnail","hentry"],"yoast_head":"<!-- This site is optimized with the Yoast SEO plugin v27.5 - https:\/\/yoast.com\/product\/yoast-seo-wordpress\/ -->\n<title>Cjenik - Lektura teksta<\/title>\n<meta name=\"robots\" content=\"index, follow, max-snippet:-1, max-image-preview:large, max-video-preview:-1\" \/>\n<link rel=\"canonical\" href=\"https:\/\/majalis-lektura.hr\/?page_id=19\" \/>\n<meta property=\"og:locale\" content=\"en_US\" \/>\n<meta property=\"og:type\" content=\"article\" \/>\n<meta property=\"og:title\" content=\"Cjenik - Lektura teksta\" \/>\n<meta property=\"og:description\" content=\"Svakom tekstu, bez obzira na to koliko je dobro napisan, potrebno je stru\u010dno oko koje \u0107e ga dovesti do savr\u0161enstva. Lektura teksta 1,99 \u20ac po kartici teksta Lektura teksta &#8211; studenti 1,50 \u20ac po kartici teksta Elektroni\u010dka potvrda o lekturi Besplatno Papirnata potvrda o lekturi 4,70 \u20ac Cijene su kona\u010dne jer obrt nije u sustavu &hellip; Continue reading &quot;Cjenik&quot;\" \/>\n<meta property=\"og:url\" content=\"https:\/\/majalis-lektura.hr\/?page_id=19\" \/>\n<meta property=\"og:site_name\" content=\"Lektura teksta\" \/>\n<meta property=\"article:modified_time\" content=\"2026-05-08T11:08:09+00:00\" \/>\n<meta property=\"og:image\" content=\"https:\/\/majalis-lektura.hr\/wp-content\/uploads\/2026\/05\/Cream-Brown-Minimalist-Thrift-Store-Facebook-Cover-5.png\" \/>\n\t<meta property=\"og:image:width\" content=\"1640\" \/>\n\t<meta property=\"og:image:height\" content=\"924\" \/>\n\t<meta property=\"og:image:type\" content=\"image\/png\" \/>\n<meta name=\"twitter:card\" content=\"summary_large_image\" \/>\n<meta name=\"twitter:label1\" content=\"Est. reading time\" \/>\n\t<meta name=\"twitter:data1\" content=\"1 minute\" \/>\n<script type=\"application\/ld+json\" class=\"yoast-schema-graph\">{\"@context\":\"https:\\\/\\\/schema.org\",\"@graph\":[{\"@type\":\"WebPage\",\"@id\":\"https:\\\/\\\/majalis-lektura.hr\\\/?page_id=19\",\"url\":\"https:\\\/\\\/majalis-lektura.hr\\\/?page_id=19\",\"name\":\"Cjenik - Lektura teksta\",\"isPartOf\":{\"@id\":\"https:\\\/\\\/majalis-lektura.hr\\\/#website\"},\"primaryImageOfPage\":{\"@id\":\"https:\\\/\\\/majalis-lektura.hr\\\/?page_id=19#primaryimage\"},\"image\":{\"@id\":\"https:\\\/\\\/majalis-lektura.hr\\\/?page_id=19#primaryimage\"},\"thumbnailUrl\":\"https:\\\/\\\/majalis-lektura.hr\\\/wp-content\\\/uploads\\\/2026\\\/05\\\/Cream-Brown-Minimalist-Thrift-Store-Facebook-Cover-5.png\",\"datePublished\":\"2026-05-08T10:25:54+00:00\",\"dateModified\":\"2026-05-08T11:08:09+00:00\",\"breadcrumb\":{\"@id\":\"https:\\\/\\\/majalis-lektura.hr\\\/?page_id=19#breadcrumb\"},\"inLanguage\":\"en-US\",\"potentialAction\":[{\"@type\":\"ReadAction\",\"target\":[\"https:\\\/\\\/majalis-lektura.hr\\\/?page_id=19\"]}]},{\"@type\":\"ImageObject\",\"inLanguage\":\"en-US\",\"@id\":\"https:\\\/\\\/majalis-lektura.hr\\\/?page_id=19#primaryimage\",\"url\":\"https:\\\/\\\/majalis-lektura.hr\\\/wp-content\\\/uploads\\\/2026\\\/05\\\/Cream-Brown-Minimalist-Thrift-Store-Facebook-Cover-5.png\",\"contentUrl\":\"https:\\\/\\\/majalis-lektura.hr\\\/wp-content\\\/uploads\\\/2026\\\/05\\\/Cream-Brown-Minimalist-Thrift-Store-Facebook-Cover-5.png\",\"width\":1640,\"height\":924},{\"@type\":\"BreadcrumbList\",\"@id\":\"https:\\\/\\\/majalis-lektura.hr\\\/?page_id=19#breadcrumb\",\"itemListElement\":[{\"@type\":\"ListItem\",\"position\":1,\"name\":\"Home\",\"item\":\"https:\\\/\\\/majalis-lektura.hr\\\/\"},{\"@type\":\"ListItem\",\"position\":2,\"name\":\"Cjenik\"}]},{\"@type\":\"WebSite\",\"@id\":\"https:\\\/\\\/majalis-lektura.hr\\\/#website\",\"url\":\"https:\\\/\\\/majalis-lektura.hr\\\/\",\"name\":\"Lektura teksta\",\"description\":\"Tra\u017eite brzu i pouzdanu lekturu? Do\u0161li ste na pravo mjesto!\",\"potentialAction\":[{\"@type\":\"SearchAction\",\"target\":{\"@type\":\"EntryPoint\",\"urlTemplate\":\"https:\\\/\\\/majalis-lektura.hr\\\/?s={search_term_string}\"},\"query-input\":{\"@type\":\"PropertyValueSpecification\",\"valueRequired\":true,\"valueName\":\"search_term_string\"}}],\"inLanguage\":\"en-US\"}]}<\/script>\n<!-- \/ Yoast SEO plugin. -->","yoast_head_json":{"title":"Cjenik - Lektura teksta","robots":{"index":"index","follow":"follow","max-snippet":"max-snippet:-1","max-image-preview":"max-image-preview:large","max-video-preview":"max-video-preview:-1"},"canonical":"https:\/\/majalis-lektura.hr\/?page_id=19","og_locale":"en_US","og_type":"article","og_title":"Cjenik - Lektura teksta","og_description":"Svakom tekstu, bez obzira na to koliko je dobro napisan, potrebno je stru\u010dno oko koje \u0107e ga dovesti do savr\u0161enstva. Lektura teksta 1,99 \u20ac po kartici teksta Lektura teksta &#8211; studenti 1,50 \u20ac po kartici teksta Elektroni\u010dka potvrda o lekturi Besplatno Papirnata potvrda o lekturi 4,70 \u20ac Cijene su kona\u010dne jer obrt nije u sustavu &hellip; Continue reading \"Cjenik\"","og_url":"https:\/\/majalis-lektura.hr\/?page_id=19","og_site_name":"Lektura teksta","article_modified_time":"2026-05-08T11:08:09+00:00","og_image":[{"width":1640,"height":924,"url":"https:\/\/majalis-lektura.hr\/wp-content\/uploads\/2026\/05\/Cream-Brown-Minimalist-Thrift-Store-Facebook-Cover-5.png","type":"image\/png"}],"twitter_card":"summary_large_image","twitter_misc":{"Est. reading time":"1 minute"},"schema":{"@context":"https:\/\/schema.org","@graph":[{"@type":"WebPage","@id":"https:\/\/majalis-lektura.hr\/?page_id=19","url":"https:\/\/majalis-lektura.hr\/?page_id=19","name":"Cjenik - Lektura teksta","isPartOf":{"@id":"https:\/\/majalis-lektura.hr\/#website"},"primaryImageOfPage":{"@id":"https:\/\/majalis-lektura.hr\/?page_id=19#primaryimage"},"image":{"@id":"https:\/\/majalis-lektura.hr\/?page_id=19#primaryimage"},"thumbnailUrl":"https:\/\/majalis-lektura.hr\/wp-content\/uploads\/2026\/05\/Cream-Brown-Minimalist-Thrift-Store-Facebook-Cover-5.png","datePublished":"2026-05-08T10:25:54+00:00","dateModified":"2026-05-08T11:08:09+00:00","breadcrumb":{"@id":"https:\/\/majalis-lektura.hr\/?page_id=19#breadcrumb"},"inLanguage":"en-US","potentialAction":[{"@type":"ReadAction","target":["https:\/\/majalis-lektura.hr\/?page_id=19"]}]},{"@type":"ImageObject","inLanguage":"en-US","@id":"https:\/\/majalis-lektura.hr\/?page_id=19#primaryimage","url":"https:\/\/majalis-lektura.hr\/wp-content\/uploads\/2026\/05\/Cream-Brown-Minimalist-Thrift-Store-Facebook-Cover-5.png","contentUrl":"https:\/\/majalis-lektura.hr\/wp-content\/uploads\/2026\/05\/Cream-Brown-Minimalist-Thrift-Store-Facebook-Cover-5.png","width":1640,"height":924},{"@type":"BreadcrumbList","@id":"https:\/\/majalis-lektura.hr\/?page_id=19#breadcrumb","itemListElement":[{"@type":"ListItem","position":1,"name":"Home","item":"https:\/\/majalis-lektura.hr\/"},{"@type":"ListItem","position":2,"name":"Cjenik"}]},{"@type":"WebSite","@id":"https:\/\/majalis-lektura.hr\/#website","url":"https:\/\/majalis-lektura.hr\/","name":"Lektura teksta","description":"Tra\u017eite brzu i pouzdanu lekturu? Do\u0161li ste na pravo mjesto!","potentialAction":[{"@type":"SearchAction","target":{"@type":"EntryPoint","urlTemplate":"https:\/\/majalis-lektura.hr\/?s={search_term_string}"},"query-input":{"@type":"PropertyValueSpecification","valueRequired":true,"valueName":"search_term_string"}}],"inLanguage":"en-US"}]}},"_links":{"self":[{"href":"https:\/\/majalis-lektura.hr\/index.php?rest_route=\/wp\/v2\/pages\/19","targetHints":{"allow":["GET"]}}],"collection":[{"href":"https:\/\/majalis-lektura.hr\/index.php?rest_route=\/wp\/v2\/pages"}],"about":[{"href":"https:\/\/majalis-lektura.hr\/index.php?rest_route=\/wp\/v2\/types\/page"}],"author":[{"embeddable":true,"href":"https:\/\/majalis-lektura.hr\/index.php?rest_route=\/wp\/v2\/users\/1"}],"replies":[{"embeddable":true,"href":"https:\/\/majalis-lektura.hr\/index.php?rest_route=%2Fwp%2Fv2%2Fcomments&post=19"}],"version-history":[{"count":4,"href":"https:\/\/majalis-lektura.hr\/index.php?rest_route=\/wp\/v2\/pages\/19\/revisions"}],"predecessor-version":[{"id":68,"href":"https:\/\/majalis-lektura.hr\/index.php?rest_route=\/wp\/v2\/pages\/19\/revisions\/68"}],"wp:featuredmedia":[{"embeddable":true,"href":"https:\/\/majalis-lektura.hr\/index.php?rest_route=\/wp\/v2\/media\/61"}],"wp:attachment":[{"href":"https:\/\/majalis-lektura.hr\/index.php?rest_route=%2Fwp%2Fv2%2Fmedia&parent=19"}],"curies":[{"name":"wp","href":"https:\/\/api.w.org\/{rel}","templated":true}]}}