{"id":134,"date":"2026-05-08T13:13:36","date_gmt":"2026-05-08T13:13:36","guid":{"rendered":"https:\/\/majalis-lektura.hr\/?page_id=134"},"modified":"2026-05-08T13:13:37","modified_gmt":"2026-05-08T13:13:37","slug":"pravila-privatnosti","status":"publish","type":"page","link":"https:\/\/majalis-lektura.hr\/?page_id=134","title":{"rendered":"Pravila privatnosti"},"content":{"rendered":"\n<p><strong>Za\u0161tita privatnosti na <em>web<\/em>-stranici<\/strong><\/p>\n\n\n\n<p>Pregledavanje <em>web<\/em>-stranice Majalis-lektura.hr anonimno je te se tom prilikom ne prikupljaju podaci koji bi omogu\u0107ili va\u0161u identifikaciju.<\/p>\n\n\n\n<p>Majalis-lektura.hr automatski prikuplja podatke o ure\u0111aju (ra\u010dunalo, tablet ili mobilni ure\u0111aj kojim pristupate <em>web<\/em>-stranici) i geografskoj lokaciji s koje pristupate <em>web<\/em>-stranici. Ove podatke obrt za lektorsko-administrativne poslove Majalis koristi u svrhu pobolj\u0161anja ponude svojih usluga, prilagodbe sadr\u017eaja te dobivanja op\u0107ih statisti\u010dkih podataka vezanih za kori\u0161tenje <em>web<\/em>-stranice.<\/p>\n\n\n\n<p><em>Web<\/em>-stranica ne prikuplja osobne podatke. Osobne podatke obrt za lektorsko-administrativne poslove Majalis prikuplja tek kada ga klijent kontaktira.<\/p>\n\n\n\n<p><strong>Prikupljanje podataka<\/strong><\/p>\n\n\n\n<p>Obrt za lektorsko-administrativne poslove Majalis prikuplja osobne podatke klijenata samo u mjeri nu\u017enoj za ispunjenje svoje obveze izdavanja ra\u010duna i obavljanja usluge te za slanje potvrda po\u0161tom. Majalis prikuplja ime i prezime klijenta, adresu e-po\u0161te, ku\u0107nu adresu te broj telefona. Iznimno, u svrhu izdavanja ra\u010duna, Majalis prikuplja i OIB.<\/p>\n\n\n\n<p>Uz navedene osobne podatke, Majalis zbog naravi posla prikuplja i autorska djela klijenata (tekstove) koje pohranjuje na ra\u010dunalo i USB<em> stick<\/em> u svrhu obavljanja usluge. Nakon dovr\u0161etka posla, Majalis e-po\u0161tom \u0161alje tekst klijentu.&nbsp;<\/p>\n\n\n\n<p>Majalis se obvezuje \u0161tititi tekstove i osobne podatke klijenata u skladu sa Zakonom o za\u0161titi osobnih podataka te se obvezuje da tekstove i osobne podatke klijenta ne\u0107e ni na koji na\u010din ustupiti tre\u0107im osobama bez pristanka klijenta. Od ovog se izuzimaju slu\u010dajevi u kojima je Majalis po valjanom nalogu ovla\u0161tenih dr\u017eavnih tijela, u skladu sa zakonom, du\u017ean dostaviti ili dopustiti uvid u osobne podatke klijenata.<\/p>\n\n\n\n<p><strong>\u010cuvanje i brisanje podataka<\/strong><\/p>\n\n\n\n<p>Tekstovi koje klijent dostavi Majalisu \u010duvaju se onoliko dugo koliko je potrebno za obavljanje posla, odnosno najvi\u0161e 7 dana od dovr\u0161etka posla. Ra\u010duni s navedenim osobnim podacima klijenata \u010duvaju se onoliko dugo koliko Porezna uprava propisuje. Poruke (<em>e-mail<\/em>, sms, poruke na dru\u0161tvenim mre\u017eama i sl.), zajedno sa svim podacima u njima, bri\u0161u se iz arhive u roku od 7 dana od dovr\u0161etka posla.<\/p>\n\n\n\n<p><strong>Prigovor<\/strong><\/p>\n\n\n\n<p>Za sva pitanja i ostvarivanje prava u obradi va\u0161ih podataka mo\u017eete kontaktirati Majalis na vitkovicdurdica@gmail.com ili na adresi sjedi\u0161ta obrta (Po\u017earinje 1, 10 000 Zagreb), gdje mo\u017eete uputiti i prigovor vezan za va\u0161e osobne podatke. &nbsp;<\/p>\n\n\n\n<p>Prigovor mo\u017eete uputiti i nadzornom tijelu za za\u0161titu osobnih podataka, odnosno Agenciji za za\u0161titu osobnih podataka (AZOP).<\/p>\n\n\n\n<p><strong>Za\u0161tita potro\u0161a\u010da<\/strong><\/p>\n\n\n\n<p>Na temelju obveze iz \u010dl. 10 Z<em>akona o za\u0161titi potro\u0161a\u010da<\/em>&nbsp;NN 41\/14,&nbsp;obrt za lektorsko-administrativne poslove Majalis, vl. \u0110ur\u0111ica Vitkovi\u0107, Po\u017earinje 1, Zagreb, donosi <em>Obavijest o na\u010dinu podno\u0161enja pisanih prigovora potro\u0161a\u010da<\/em>.&nbsp;Potro\u0161a\u010d mo\u017ee vlasnici obrta podnijeti pisani prigovor vezan za pru\u017eenu uslugu.&nbsp;Pisani prigovori mogu se podnijeti <em>e-mailom<\/em> na adresu vitkovicdurdica@gmail.com ili po\u0161tom na adresu:&nbsp;Majalis,&nbsp;\u0110ur\u0111ica Vitkovi\u0107,&nbsp;Po\u017earinje 1, Zagreb.<\/p>\n","protected":false},"excerpt":{"rendered":"<p>Za\u0161tita privatnosti na web-stranici Pregledavanje web-stranice Majalis-lektura.hr anonimno je te se tom prilikom ne prikupljaju podaci koji bi omogu\u0107ili va\u0161u identifikaciju. Majalis-lektura.hr automatski prikuplja podatke o ure\u0111aju (ra\u010dunalo, tablet ili mobilni ure\u0111aj kojim pristupate web-stranici) i geografskoj lokaciji s koje pristupate web-stranici. Ove podatke obrt za lektorsko-administrativne poslove Majalis koristi u svrhu pobolj\u0161anja ponude svojih &hellip; <\/p>\n<p class=\"link-more\"><a href=\"https:\/\/majalis-lektura.hr\/?page_id=134\" class=\"more-link\">Continue reading<span class=\"screen-reader-text\"> &#8220;Pravila privatnosti&#8221;<\/span><\/a><\/p>\n","protected":false},"author":1,"featured_media":0,"parent":0,"menu_order":0,"comment_status":"closed","ping_status":"closed","template":"","meta":{"footnotes":""},"class_list":["post-134","page","type-page","status-publish","hentry"],"yoast_head":"<!-- This site is optimized with the Yoast SEO plugin v27.5 - https:\/\/yoast.com\/product\/yoast-seo-wordpress\/ -->\n<title>Pravila privatnosti - Lektura teksta<\/title>\n<meta name=\"robots\" content=\"index, follow, max-snippet:-1, max-image-preview:large, max-video-preview:-1\" \/>\n<link rel=\"canonical\" href=\"https:\/\/majalis-lektura.hr\/?page_id=134\" \/>\n<meta property=\"og:locale\" content=\"en_US\" \/>\n<meta property=\"og:type\" content=\"article\" \/>\n<meta property=\"og:title\" content=\"Pravila privatnosti - Lektura teksta\" \/>\n<meta property=\"og:description\" content=\"Za\u0161tita privatnosti na web-stranici Pregledavanje web-stranice Majalis-lektura.hr anonimno je te se tom prilikom ne prikupljaju podaci koji bi omogu\u0107ili va\u0161u identifikaciju. Majalis-lektura.hr automatski prikuplja podatke o ure\u0111aju (ra\u010dunalo, tablet ili mobilni ure\u0111aj kojim pristupate web-stranici) i geografskoj lokaciji s koje pristupate web-stranici. Ove podatke obrt za lektorsko-administrativne poslove Majalis koristi u svrhu pobolj\u0161anja ponude svojih &hellip; Continue reading &quot;Pravila privatnosti&quot;\" \/>\n<meta property=\"og:url\" content=\"https:\/\/majalis-lektura.hr\/?page_id=134\" \/>\n<meta property=\"og:site_name\" content=\"Lektura teksta\" \/>\n<meta property=\"article:modified_time\" content=\"2026-05-08T13:13:37+00:00\" \/>\n<meta name=\"twitter:card\" content=\"summary_large_image\" \/>\n<meta name=\"twitter:label1\" content=\"Est. reading time\" \/>\n\t<meta name=\"twitter:data1\" content=\"2 minutes\" \/>\n<script type=\"application\/ld+json\" class=\"yoast-schema-graph\">{\"@context\":\"https:\\\/\\\/schema.org\",\"@graph\":[{\"@type\":\"WebPage\",\"@id\":\"https:\\\/\\\/majalis-lektura.hr\\\/?page_id=134\",\"url\":\"https:\\\/\\\/majalis-lektura.hr\\\/?page_id=134\",\"name\":\"Pravila privatnosti - Lektura teksta\",\"isPartOf\":{\"@id\":\"https:\\\/\\\/majalis-lektura.hr\\\/#website\"},\"datePublished\":\"2026-05-08T13:13:36+00:00\",\"dateModified\":\"2026-05-08T13:13:37+00:00\",\"breadcrumb\":{\"@id\":\"https:\\\/\\\/majalis-lektura.hr\\\/?page_id=134#breadcrumb\"},\"inLanguage\":\"en-US\",\"potentialAction\":[{\"@type\":\"ReadAction\",\"target\":[\"https:\\\/\\\/majalis-lektura.hr\\\/?page_id=134\"]}]},{\"@type\":\"BreadcrumbList\",\"@id\":\"https:\\\/\\\/majalis-lektura.hr\\\/?page_id=134#breadcrumb\",\"itemListElement\":[{\"@type\":\"ListItem\",\"position\":1,\"name\":\"Home\",\"item\":\"https:\\\/\\\/majalis-lektura.hr\\\/\"},{\"@type\":\"ListItem\",\"position\":2,\"name\":\"Pravila privatnosti\"}]},{\"@type\":\"WebSite\",\"@id\":\"https:\\\/\\\/majalis-lektura.hr\\\/#website\",\"url\":\"https:\\\/\\\/majalis-lektura.hr\\\/\",\"name\":\"Lektura teksta\",\"description\":\"Tra\u017eite brzu i pouzdanu lekturu? Do\u0161li ste na pravo mjesto!\",\"potentialAction\":[{\"@type\":\"SearchAction\",\"target\":{\"@type\":\"EntryPoint\",\"urlTemplate\":\"https:\\\/\\\/majalis-lektura.hr\\\/?s={search_term_string}\"},\"query-input\":{\"@type\":\"PropertyValueSpecification\",\"valueRequired\":true,\"valueName\":\"search_term_string\"}}],\"inLanguage\":\"en-US\"}]}<\/script>\n<!-- \/ Yoast SEO plugin. -->","yoast_head_json":{"title":"Pravila privatnosti - Lektura teksta","robots":{"index":"index","follow":"follow","max-snippet":"max-snippet:-1","max-image-preview":"max-image-preview:large","max-video-preview":"max-video-preview:-1"},"canonical":"https:\/\/majalis-lektura.hr\/?page_id=134","og_locale":"en_US","og_type":"article","og_title":"Pravila privatnosti - Lektura teksta","og_description":"Za\u0161tita privatnosti na web-stranici Pregledavanje web-stranice Majalis-lektura.hr anonimno je te se tom prilikom ne prikupljaju podaci koji bi omogu\u0107ili va\u0161u identifikaciju. Majalis-lektura.hr automatski prikuplja podatke o ure\u0111aju (ra\u010dunalo, tablet ili mobilni ure\u0111aj kojim pristupate web-stranici) i geografskoj lokaciji s koje pristupate web-stranici. Ove podatke obrt za lektorsko-administrativne poslove Majalis koristi u svrhu pobolj\u0161anja ponude svojih &hellip; Continue reading \"Pravila privatnosti\"","og_url":"https:\/\/majalis-lektura.hr\/?page_id=134","og_site_name":"Lektura teksta","article_modified_time":"2026-05-08T13:13:37+00:00","twitter_card":"summary_large_image","twitter_misc":{"Est. reading time":"2 minutes"},"schema":{"@context":"https:\/\/schema.org","@graph":[{"@type":"WebPage","@id":"https:\/\/majalis-lektura.hr\/?page_id=134","url":"https:\/\/majalis-lektura.hr\/?page_id=134","name":"Pravila privatnosti - Lektura teksta","isPartOf":{"@id":"https:\/\/majalis-lektura.hr\/#website"},"datePublished":"2026-05-08T13:13:36+00:00","dateModified":"2026-05-08T13:13:37+00:00","breadcrumb":{"@id":"https:\/\/majalis-lektura.hr\/?page_id=134#breadcrumb"},"inLanguage":"en-US","potentialAction":[{"@type":"ReadAction","target":["https:\/\/majalis-lektura.hr\/?page_id=134"]}]},{"@type":"BreadcrumbList","@id":"https:\/\/majalis-lektura.hr\/?page_id=134#breadcrumb","itemListElement":[{"@type":"ListItem","position":1,"name":"Home","item":"https:\/\/majalis-lektura.hr\/"},{"@type":"ListItem","position":2,"name":"Pravila privatnosti"}]},{"@type":"WebSite","@id":"https:\/\/majalis-lektura.hr\/#website","url":"https:\/\/majalis-lektura.hr\/","name":"Lektura teksta","description":"Tra\u017eite brzu i pouzdanu lekturu? Do\u0161li ste na pravo mjesto!","potentialAction":[{"@type":"SearchAction","target":{"@type":"EntryPoint","urlTemplate":"https:\/\/majalis-lektura.hr\/?s={search_term_string}"},"query-input":{"@type":"PropertyValueSpecification","valueRequired":true,"valueName":"search_term_string"}}],"inLanguage":"en-US"}]}},"_links":{"self":[{"href":"https:\/\/majalis-lektura.hr\/index.php?rest_route=\/wp\/v2\/pages\/134","targetHints":{"allow":["GET"]}}],"collection":[{"href":"https:\/\/majalis-lektura.hr\/index.php?rest_route=\/wp\/v2\/pages"}],"about":[{"href":"https:\/\/majalis-lektura.hr\/index.php?rest_route=\/wp\/v2\/types\/page"}],"author":[{"embeddable":true,"href":"https:\/\/majalis-lektura.hr\/index.php?rest_route=\/wp\/v2\/users\/1"}],"replies":[{"embeddable":true,"href":"https:\/\/majalis-lektura.hr\/index.php?rest_route=%2Fwp%2Fv2%2Fcomments&post=134"}],"version-history":[{"count":1,"href":"https:\/\/majalis-lektura.hr\/index.php?rest_route=\/wp\/v2\/pages\/134\/revisions"}],"predecessor-version":[{"id":136,"href":"https:\/\/majalis-lektura.hr\/index.php?rest_route=\/wp\/v2\/pages\/134\/revisions\/136"}],"wp:attachment":[{"href":"https:\/\/majalis-lektura.hr\/index.php?rest_route=%2Fwp%2Fv2%2Fmedia&parent=134"}],"curies":[{"name":"wp","href":"https:\/\/api.w.org\/{rel}","templated":true}]}}