{"id":13,"date":"2026-05-08T10:25:54","date_gmt":"2026-05-08T10:25:54","guid":{"rendered":"https:\/\/majalis-lektura.hr\/?page_id=13"},"modified":"2026-05-08T11:19:26","modified_gmt":"2026-05-08T11:19:26","slug":"a-homepage-section","status":"publish","type":"page","link":"https:\/\/majalis-lektura.hr\/?page_id=13","title":{"rendered":"\u010cesta pitanja"},"content":{"rendered":"\n<p><strong>Koja je cijena lekture teksta?<\/strong><\/p>\n\n\n\n<p>1,99 \u20ac po kartici teksta.<\/p>\n\n\n\n<p><strong>Postoji li popust za studente?<\/strong><\/p>\n\n\n\n<p>Cijena lekture za studente iznosi 1,50 \u20ac po kartici teksta.<\/p>\n\n\n\n<p><strong>Koliko znakova ima jedna kartica teksta?<\/strong><\/p>\n\n\n\n<p>1500 znakova s razmacima.<\/p>\n\n\n\n<p><strong>\u0160to je uklju\u010deno u cijenu lekture?<\/strong><\/p>\n\n\n\n<p>Gramati\u010dka i pravopisna provjera, stilska obrada te zaseban dokument s evidencijom promjena. <\/p>\n\n\n\n<p><strong>Koliko dugo traje lektura?<\/strong><\/p>\n\n\n\n<div class=\"wp-block-buttons is-horizontal is-content-justification-left is-layout-flex wp-container-core-buttons-is-layout-9e7a555a wp-block-buttons-is-layout-flex\">\n<div class=\"wp-block-button is-style-fill\"><a class=\"wp-block-button__link has-vivid-cyan-blue-to-vivid-purple-gradient-background has-background wp-element-button\" href=\"mailto:vitkovicdurdica@gmail.com\">PO\u0160ALJI TEKST NA BESPLATNU PROCJENU!<\/a><\/div>\n<\/div>\n","protected":false},"excerpt":{"rendered":"<p>Koja je cijena lekture teksta? 1,99 \u20ac po kartici teksta. Postoji li popust za studente? Cijena lekture za studente iznosi 1,50 \u20ac po kartici teksta. Koliko znakova ima jedna kartica teksta? 1500 znakova s razmacima. \u0160to je uklju\u010deno u cijenu lekture? Gramati\u010dka i pravopisna provjera, stilska obrada te zaseban dokument s evidencijom promjena. Koliko dugo &hellip; <\/p>\n<p class=\"link-more\"><a href=\"https:\/\/majalis-lektura.hr\/?page_id=13\" class=\"more-link\">Continue reading<span class=\"screen-reader-text\"> &#8220;\u010cesta pitanja&#8221;<\/span><\/a><\/p>\n","protected":false},"author":1,"featured_media":48,"parent":0,"menu_order":0,"comment_status":"closed","ping_status":"closed","template":"","meta":{"footnotes":""},"class_list":["post-13","page","type-page","status-publish","has-post-thumbnail","hentry"],"yoast_head":"<!-- This site is optimized with the Yoast SEO plugin v27.5 - https:\/\/yoast.com\/product\/yoast-seo-wordpress\/ -->\n<title>\u010cesta pitanja - Lektura teksta<\/title>\n<meta name=\"robots\" content=\"index, follow, max-snippet:-1, max-image-preview:large, max-video-preview:-1\" \/>\n<link rel=\"canonical\" href=\"https:\/\/majalis-lektura.hr\/?page_id=13\" \/>\n<meta property=\"og:locale\" content=\"en_US\" \/>\n<meta property=\"og:type\" content=\"article\" \/>\n<meta property=\"og:title\" content=\"\u010cesta pitanja - Lektura teksta\" \/>\n<meta property=\"og:description\" content=\"Koja je cijena lekture teksta? 1,99 \u20ac po kartici teksta. Postoji li popust za studente? Cijena lekture za studente iznosi 1,50 \u20ac po kartici teksta. Koliko znakova ima jedna kartica teksta? 1500 znakova s razmacima. \u0160to je uklju\u010deno u cijenu lekture? Gramati\u010dka i pravopisna provjera, stilska obrada te zaseban dokument s evidencijom promjena. Koliko dugo &hellip; Continue reading &quot;\u010cesta pitanja&quot;\" \/>\n<meta property=\"og:url\" content=\"https:\/\/majalis-lektura.hr\/?page_id=13\" \/>\n<meta property=\"og:site_name\" content=\"Lektura teksta\" \/>\n<meta property=\"article:modified_time\" content=\"2026-05-08T11:19:26+00:00\" \/>\n<meta property=\"og:image\" content=\"https:\/\/majalis-lektura.hr\/wp-content\/uploads\/2026\/05\/Cream-Brown-Minimalist-Thrift-Store-Facebook-Cover-4.png\" \/>\n\t<meta property=\"og:image:width\" content=\"1640\" \/>\n\t<meta property=\"og:image:height\" content=\"924\" \/>\n\t<meta property=\"og:image:type\" content=\"image\/png\" \/>\n<meta name=\"twitter:card\" content=\"summary_large_image\" \/>\n<meta name=\"twitter:label1\" content=\"Est. reading time\" \/>\n\t<meta name=\"twitter:data1\" content=\"1 minute\" \/>\n<script type=\"application\/ld+json\" class=\"yoast-schema-graph\">{\"@context\":\"https:\\\/\\\/schema.org\",\"@graph\":[{\"@type\":\"WebPage\",\"@id\":\"https:\\\/\\\/majalis-lektura.hr\\\/?page_id=13\",\"url\":\"https:\\\/\\\/majalis-lektura.hr\\\/?page_id=13\",\"name\":\"\u010cesta pitanja - Lektura teksta\",\"isPartOf\":{\"@id\":\"https:\\\/\\\/majalis-lektura.hr\\\/#website\"},\"primaryImageOfPage\":{\"@id\":\"https:\\\/\\\/majalis-lektura.hr\\\/?page_id=13#primaryimage\"},\"image\":{\"@id\":\"https:\\\/\\\/majalis-lektura.hr\\\/?page_id=13#primaryimage\"},\"thumbnailUrl\":\"https:\\\/\\\/majalis-lektura.hr\\\/wp-content\\\/uploads\\\/2026\\\/05\\\/Cream-Brown-Minimalist-Thrift-Store-Facebook-Cover-4.png\",\"datePublished\":\"2026-05-08T10:25:54+00:00\",\"dateModified\":\"2026-05-08T11:19:26+00:00\",\"breadcrumb\":{\"@id\":\"https:\\\/\\\/majalis-lektura.hr\\\/?page_id=13#breadcrumb\"},\"inLanguage\":\"en-US\",\"potentialAction\":[{\"@type\":\"ReadAction\",\"target\":[\"https:\\\/\\\/majalis-lektura.hr\\\/?page_id=13\"]}]},{\"@type\":\"ImageObject\",\"inLanguage\":\"en-US\",\"@id\":\"https:\\\/\\\/majalis-lektura.hr\\\/?page_id=13#primaryimage\",\"url\":\"https:\\\/\\\/majalis-lektura.hr\\\/wp-content\\\/uploads\\\/2026\\\/05\\\/Cream-Brown-Minimalist-Thrift-Store-Facebook-Cover-4.png\",\"contentUrl\":\"https:\\\/\\\/majalis-lektura.hr\\\/wp-content\\\/uploads\\\/2026\\\/05\\\/Cream-Brown-Minimalist-Thrift-Store-Facebook-Cover-4.png\",\"width\":1640,\"height\":924},{\"@type\":\"BreadcrumbList\",\"@id\":\"https:\\\/\\\/majalis-lektura.hr\\\/?page_id=13#breadcrumb\",\"itemListElement\":[{\"@type\":\"ListItem\",\"position\":1,\"name\":\"Home\",\"item\":\"https:\\\/\\\/majalis-lektura.hr\\\/\"},{\"@type\":\"ListItem\",\"position\":2,\"name\":\"\u010cesta pitanja\"}]},{\"@type\":\"WebSite\",\"@id\":\"https:\\\/\\\/majalis-lektura.hr\\\/#website\",\"url\":\"https:\\\/\\\/majalis-lektura.hr\\\/\",\"name\":\"Lektura teksta\",\"description\":\"Tra\u017eite brzu i pouzdanu lekturu? Do\u0161li ste na pravo mjesto!\",\"potentialAction\":[{\"@type\":\"SearchAction\",\"target\":{\"@type\":\"EntryPoint\",\"urlTemplate\":\"https:\\\/\\\/majalis-lektura.hr\\\/?s={search_term_string}\"},\"query-input\":{\"@type\":\"PropertyValueSpecification\",\"valueRequired\":true,\"valueName\":\"search_term_string\"}}],\"inLanguage\":\"en-US\"}]}<\/script>\n<!-- \/ Yoast SEO plugin. -->","yoast_head_json":{"title":"\u010cesta pitanja - Lektura teksta","robots":{"index":"index","follow":"follow","max-snippet":"max-snippet:-1","max-image-preview":"max-image-preview:large","max-video-preview":"max-video-preview:-1"},"canonical":"https:\/\/majalis-lektura.hr\/?page_id=13","og_locale":"en_US","og_type":"article","og_title":"\u010cesta pitanja - Lektura teksta","og_description":"Koja je cijena lekture teksta? 1,99 \u20ac po kartici teksta. Postoji li popust za studente? Cijena lekture za studente iznosi 1,50 \u20ac po kartici teksta. Koliko znakova ima jedna kartica teksta? 1500 znakova s razmacima. \u0160to je uklju\u010deno u cijenu lekture? Gramati\u010dka i pravopisna provjera, stilska obrada te zaseban dokument s evidencijom promjena. Koliko dugo &hellip; Continue reading \"\u010cesta pitanja\"","og_url":"https:\/\/majalis-lektura.hr\/?page_id=13","og_site_name":"Lektura teksta","article_modified_time":"2026-05-08T11:19:26+00:00","og_image":[{"width":1640,"height":924,"url":"https:\/\/majalis-lektura.hr\/wp-content\/uploads\/2026\/05\/Cream-Brown-Minimalist-Thrift-Store-Facebook-Cover-4.png","type":"image\/png"}],"twitter_card":"summary_large_image","twitter_misc":{"Est. reading time":"1 minute"},"schema":{"@context":"https:\/\/schema.org","@graph":[{"@type":"WebPage","@id":"https:\/\/majalis-lektura.hr\/?page_id=13","url":"https:\/\/majalis-lektura.hr\/?page_id=13","name":"\u010cesta pitanja - Lektura teksta","isPartOf":{"@id":"https:\/\/majalis-lektura.hr\/#website"},"primaryImageOfPage":{"@id":"https:\/\/majalis-lektura.hr\/?page_id=13#primaryimage"},"image":{"@id":"https:\/\/majalis-lektura.hr\/?page_id=13#primaryimage"},"thumbnailUrl":"https:\/\/majalis-lektura.hr\/wp-content\/uploads\/2026\/05\/Cream-Brown-Minimalist-Thrift-Store-Facebook-Cover-4.png","datePublished":"2026-05-08T10:25:54+00:00","dateModified":"2026-05-08T11:19:26+00:00","breadcrumb":{"@id":"https:\/\/majalis-lektura.hr\/?page_id=13#breadcrumb"},"inLanguage":"en-US","potentialAction":[{"@type":"ReadAction","target":["https:\/\/majalis-lektura.hr\/?page_id=13"]}]},{"@type":"ImageObject","inLanguage":"en-US","@id":"https:\/\/majalis-lektura.hr\/?page_id=13#primaryimage","url":"https:\/\/majalis-lektura.hr\/wp-content\/uploads\/2026\/05\/Cream-Brown-Minimalist-Thrift-Store-Facebook-Cover-4.png","contentUrl":"https:\/\/majalis-lektura.hr\/wp-content\/uploads\/2026\/05\/Cream-Brown-Minimalist-Thrift-Store-Facebook-Cover-4.png","width":1640,"height":924},{"@type":"BreadcrumbList","@id":"https:\/\/majalis-lektura.hr\/?page_id=13#breadcrumb","itemListElement":[{"@type":"ListItem","position":1,"name":"Home","item":"https:\/\/majalis-lektura.hr\/"},{"@type":"ListItem","position":2,"name":"\u010cesta pitanja"}]},{"@type":"WebSite","@id":"https:\/\/majalis-lektura.hr\/#website","url":"https:\/\/majalis-lektura.hr\/","name":"Lektura teksta","description":"Tra\u017eite brzu i pouzdanu lekturu? Do\u0161li ste na pravo mjesto!","potentialAction":[{"@type":"SearchAction","target":{"@type":"EntryPoint","urlTemplate":"https:\/\/majalis-lektura.hr\/?s={search_term_string}"},"query-input":{"@type":"PropertyValueSpecification","valueRequired":true,"valueName":"search_term_string"}}],"inLanguage":"en-US"}]}},"_links":{"self":[{"href":"https:\/\/majalis-lektura.hr\/index.php?rest_route=\/wp\/v2\/pages\/13","targetHints":{"allow":["GET"]}}],"collection":[{"href":"https:\/\/majalis-lektura.hr\/index.php?rest_route=\/wp\/v2\/pages"}],"about":[{"href":"https:\/\/majalis-lektura.hr\/index.php?rest_route=\/wp\/v2\/types\/page"}],"author":[{"embeddable":true,"href":"https:\/\/majalis-lektura.hr\/index.php?rest_route=\/wp\/v2\/users\/1"}],"replies":[{"embeddable":true,"href":"https:\/\/majalis-lektura.hr\/index.php?rest_route=%2Fwp%2Fv2%2Fcomments&post=13"}],"version-history":[{"count":6,"href":"https:\/\/majalis-lektura.hr\/index.php?rest_route=\/wp\/v2\/pages\/13\/revisions"}],"predecessor-version":[{"id":74,"href":"https:\/\/majalis-lektura.hr\/index.php?rest_route=\/wp\/v2\/pages\/13\/revisions\/74"}],"wp:featuredmedia":[{"embeddable":true,"href":"https:\/\/majalis-lektura.hr\/index.php?rest_route=\/wp\/v2\/media\/48"}],"wp:attachment":[{"href":"https:\/\/majalis-lektura.hr\/index.php?rest_route=%2Fwp%2Fv2%2Fmedia&parent=13"}],"curies":[{"name":"wp","href":"https:\/\/api.w.org\/{rel}","templated":true}]}}