{"id":100,"date":"2026-05-08T11:43:38","date_gmt":"2026-05-08T11:43:38","guid":{"rendered":"https:\/\/majalis-lektura.hr\/?page_id=100"},"modified":"2026-05-08T13:11:35","modified_gmt":"2026-05-08T13:11:35","slug":"osvrti","status":"publish","type":"page","link":"https:\/\/majalis-lektura.hr\/?page_id=100","title":{"rendered":"Osvrti"},"content":{"rendered":"<div class=\"strong-view strong-view-id-1 modern wpmtst-modern slider-container slider-mode-fade slider-adaptive\" data-count=\"7\" data-slider-var=\"strong_slider_id_1\" data-state=\"idle\"><div class=\"strong-content wpmslider-content\"><div class=\"wpmtst-testimonial testimonial t-slide post-126\"><div class=\"wpmtst-testimonial-inner testimonial-inner\"><div data-infinite-loop=\"false\"  class=\"wpmtst-testimonial-content  testimonial-content\"><h3 class=\"wpmtst-testimonial-heading testimonial-heading\">Preporu\u010dam svima!<\/h3><p>Lektura je bila odra\u0111ena i prije roka. Izuzetno je povoljna i pristupa\u010dna svim studentima te je lektorirano i malo vi\u0161e od onoga \u0161to je dogovoreno. Komunikacija je brza i jednostavna, sve pohvale!<\/p><\/div><div class=\"wpmtst-testimonial-field testimonial-field testimonial-name\">Helena Vukoje<\/div><div class=\"clear\"><\/div><\/div><\/div><div class=\"wpmtst-testimonial testimonial t-slide post-125\"><div class=\"wpmtst-testimonial-inner testimonial-inner\"><div data-infinite-loop=\"false\"  class=\"wpmtst-testimonial-content  testimonial-content\"><h3 class=\"wpmtst-testimonial-heading testimonial-heading\">Nastavljamo suradnju<\/h3><p><span class=\"a_GcMg font-feature-liga-off font-feature-clig-off font-feature-calt-off text-decoration-none text-strikethrough-none\">Brzo odgovara i spremna je za dogovor i prilagodbu situaciji. Vrlo je precizna i to\u010dna te ne probija rokove.\u00a0<\/span><\/p><\/div><div class=\"wpmtst-testimonial-field testimonial-field testimonial-name\">Memorijalni stan Marije Juri\u0107 Zagorke<\/div><div class=\"clear\"><\/div><\/div><\/div><div class=\"wpmtst-testimonial testimonial t-slide post-123\"><div class=\"wpmtst-testimonial-inner testimonial-inner\"><div data-infinite-loop=\"false\"  class=\"wpmtst-testimonial-content  testimonial-content\"><h3 class=\"wpmtst-testimonial-heading testimonial-heading\">Sve po dogovoru<\/h3><p>koji te\u010de glatko,<\/p><p>uredno, brzo, jasno i slatko.<\/p><\/div><div class=\"wpmtst-testimonial-field testimonial-field testimonial-name\">Franko Kapiteli<\/div><div class=\"clear\"><\/div><\/div><\/div><div class=\"wpmtst-testimonial testimonial t-slide post-122\"><div class=\"wpmtst-testimonial-inner testimonial-inner\"><div data-infinite-loop=\"false\"  class=\"wpmtst-testimonial-content  testimonial-content\"><h3 class=\"wpmtst-testimonial-heading testimonial-heading\">Veselim se nekoj novoj suradnji!<\/h3><p><span class=\"a_GcMg font-feature-liga-off font-feature-clig-off font-feature-calt-off text-decoration-none text-strikethrough-none\">Lektura dva moja rada je odra\u0111ena na najvi\u0161oj razini. Lektorica je bila profesionalna, a komunikacija odli\u010dna.\u00a0<\/span><\/p><\/div><div class=\"wpmtst-testimonial-field testimonial-field testimonial-name\">Katarina Matkeri\u0107<\/div><div class=\"clear\"><\/div><\/div><\/div><div class=\"wpmtst-testimonial testimonial t-slide post-120\"><div class=\"wpmtst-testimonial-inner testimonial-inner\"><div data-infinite-loop=\"false\"  class=\"wpmtst-testimonial-content  testimonial-content\"><h3 class=\"wpmtst-testimonial-heading testimonial-heading\">Toplo preporu\u010dujem<\/h3><p><span class=\"a_GcMg font-feature-liga-off font-feature-clig-off font-feature-calt-off text-decoration-none text-strikethrough-none\">\u0110ur\u0111ica je vrhunska lektorica. Lako je s njom posti\u0107i dogovor, komunikacija te\u010de glatko i jasno. Svoj posao odra\u0111uje profesionalno i u najkra\u0107em mogu\u0107em roku. Toplo preporu\u010dujem svima koji \u017eele imati maksimalno precizno ispeglane radove. \ud83d\ude42<\/span><\/p><\/div><div class=\"wpmtst-testimonial-field testimonial-field testimonial-name\">Martina Hukavec Vla\u0161i\u0107<\/div><div class=\"clear\"><\/div><\/div><\/div><div class=\"wpmtst-testimonial testimonial t-slide post-119\"><div class=\"wpmtst-testimonial-inner testimonial-inner\"><div data-infinite-loop=\"false\"  class=\"wpmtst-testimonial-content  testimonial-content\"><h3 class=\"wpmtst-testimonial-heading testimonial-heading\">Sve preporuke<\/h3><p><span class=\"a_GcMg font-feature-liga-off font-feature-clig-off font-feature-calt-off text-decoration-none text-strikethrough-none\">\u00a0U vrlo kratkom roku odradila odli\u010dan posao. Bez ijedne zamjerke. Ne\u0107ete po\u017ealiti ako joj se obratite za lektoriranje.<\/span><\/p><\/div><div class=\"wpmtst-testimonial-field testimonial-field testimonial-name\">Natalija Milec<\/div><div class=\"clear\"><\/div><\/div><\/div><div class=\"wpmtst-testimonial testimonial t-slide post-117\"><div class=\"wpmtst-testimonial-inner testimonial-inner\"><div data-infinite-loop=\"false\"  class=\"wpmtst-testimonial-content  testimonial-content\"><h3 class=\"wpmtst-testimonial-heading testimonial-heading\">Odli\u010dna lektorica<\/h3><p>Brzo odgovara i pristupa\u010dna je u komunikaciji. Uvijek po\u0161tuje rokove i dogovore. Same pohvale.<\/p><p>&nbsp;<\/p><\/div><div class=\"wpmtst-testimonial-field testimonial-field testimonial-name\">Iva Horvat<\/div><div class=\"clear\"><\/div><\/div><\/div><\/div><\/div>\n\n\n<div class=\"wp-block-buttons is-content-justification-center is-layout-flex wp-container-core-buttons-is-layout-16018d1d wp-block-buttons-is-layout-flex\">\n<div class=\"wp-block-button\"><a class=\"wp-block-button__link has-vivid-cyan-blue-to-vivid-purple-gradient-background has-background wp-element-button\" href=\"mailto:vitkovicdurdica@gmail.com\">PO\u0160ALJI TEKST NA BESPLATNU PROCJENU!<\/a><\/div>\n<\/div>\n","protected":false},"excerpt":{"rendered":"","protected":false},"author":1,"featured_media":110,"parent":0,"menu_order":0,"comment_status":"closed","ping_status":"closed","template":"","meta":{"footnotes":""},"class_list":["post-100","page","type-page","status-publish","has-post-thumbnail","hentry"],"yoast_head":"<!-- This site is optimized with the Yoast SEO plugin v27.5 - https:\/\/yoast.com\/product\/yoast-seo-wordpress\/ -->\n<title>Osvrti - Lektura teksta<\/title>\n<meta name=\"robots\" content=\"index, follow, max-snippet:-1, max-image-preview:large, max-video-preview:-1\" \/>\n<link rel=\"canonical\" href=\"https:\/\/majalis-lektura.hr\/?page_id=100\" \/>\n<meta property=\"og:locale\" content=\"en_US\" \/>\n<meta property=\"og:type\" content=\"article\" \/>\n<meta property=\"og:title\" content=\"Osvrti - Lektura teksta\" \/>\n<meta property=\"og:url\" content=\"https:\/\/majalis-lektura.hr\/?page_id=100\" \/>\n<meta property=\"og:site_name\" content=\"Lektura teksta\" \/>\n<meta property=\"article:modified_time\" content=\"2026-05-08T13:11:35+00:00\" \/>\n<meta property=\"og:image\" content=\"https:\/\/majalis-lektura.hr\/wp-content\/uploads\/2026\/05\/Cream-Brown-Minimalist-Thrift-Store-Facebook-Cover-7.png\" \/>\n\t<meta property=\"og:image:width\" content=\"1640\" \/>\n\t<meta property=\"og:image:height\" content=\"924\" \/>\n\t<meta property=\"og:image:type\" content=\"image\/png\" \/>\n<meta name=\"twitter:card\" content=\"summary_large_image\" \/>\n<meta name=\"twitter:label1\" content=\"Est. reading time\" \/>\n\t<meta name=\"twitter:data1\" content=\"1 minute\" \/>\n<script type=\"application\/ld+json\" class=\"yoast-schema-graph\">{\"@context\":\"https:\\\/\\\/schema.org\",\"@graph\":[{\"@type\":\"WebPage\",\"@id\":\"https:\\\/\\\/majalis-lektura.hr\\\/?page_id=100\",\"url\":\"https:\\\/\\\/majalis-lektura.hr\\\/?page_id=100\",\"name\":\"Osvrti - Lektura teksta\",\"isPartOf\":{\"@id\":\"https:\\\/\\\/majalis-lektura.hr\\\/#website\"},\"primaryImageOfPage\":{\"@id\":\"https:\\\/\\\/majalis-lektura.hr\\\/?page_id=100#primaryimage\"},\"image\":{\"@id\":\"https:\\\/\\\/majalis-lektura.hr\\\/?page_id=100#primaryimage\"},\"thumbnailUrl\":\"https:\\\/\\\/majalis-lektura.hr\\\/wp-content\\\/uploads\\\/2026\\\/05\\\/Cream-Brown-Minimalist-Thrift-Store-Facebook-Cover-7.png\",\"datePublished\":\"2026-05-08T11:43:38+00:00\",\"dateModified\":\"2026-05-08T13:11:35+00:00\",\"breadcrumb\":{\"@id\":\"https:\\\/\\\/majalis-lektura.hr\\\/?page_id=100#breadcrumb\"},\"inLanguage\":\"en-US\",\"potentialAction\":[{\"@type\":\"ReadAction\",\"target\":[\"https:\\\/\\\/majalis-lektura.hr\\\/?page_id=100\"]}]},{\"@type\":\"ImageObject\",\"inLanguage\":\"en-US\",\"@id\":\"https:\\\/\\\/majalis-lektura.hr\\\/?page_id=100#primaryimage\",\"url\":\"https:\\\/\\\/majalis-lektura.hr\\\/wp-content\\\/uploads\\\/2026\\\/05\\\/Cream-Brown-Minimalist-Thrift-Store-Facebook-Cover-7.png\",\"contentUrl\":\"https:\\\/\\\/majalis-lektura.hr\\\/wp-content\\\/uploads\\\/2026\\\/05\\\/Cream-Brown-Minimalist-Thrift-Store-Facebook-Cover-7.png\",\"width\":1640,\"height\":924},{\"@type\":\"BreadcrumbList\",\"@id\":\"https:\\\/\\\/majalis-lektura.hr\\\/?page_id=100#breadcrumb\",\"itemListElement\":[{\"@type\":\"ListItem\",\"position\":1,\"name\":\"Home\",\"item\":\"https:\\\/\\\/majalis-lektura.hr\\\/\"},{\"@type\":\"ListItem\",\"position\":2,\"name\":\"Osvrti\"}]},{\"@type\":\"WebSite\",\"@id\":\"https:\\\/\\\/majalis-lektura.hr\\\/#website\",\"url\":\"https:\\\/\\\/majalis-lektura.hr\\\/\",\"name\":\"Lektura teksta\",\"description\":\"Tra\u017eite brzu i pouzdanu lekturu? Do\u0161li ste na pravo mjesto!\",\"potentialAction\":[{\"@type\":\"SearchAction\",\"target\":{\"@type\":\"EntryPoint\",\"urlTemplate\":\"https:\\\/\\\/majalis-lektura.hr\\\/?s={search_term_string}\"},\"query-input\":{\"@type\":\"PropertyValueSpecification\",\"valueRequired\":true,\"valueName\":\"search_term_string\"}}],\"inLanguage\":\"en-US\"}]}<\/script>\n<!-- \/ Yoast SEO plugin. -->","yoast_head_json":{"title":"Osvrti - Lektura teksta","robots":{"index":"index","follow":"follow","max-snippet":"max-snippet:-1","max-image-preview":"max-image-preview:large","max-video-preview":"max-video-preview:-1"},"canonical":"https:\/\/majalis-lektura.hr\/?page_id=100","og_locale":"en_US","og_type":"article","og_title":"Osvrti - Lektura teksta","og_url":"https:\/\/majalis-lektura.hr\/?page_id=100","og_site_name":"Lektura teksta","article_modified_time":"2026-05-08T13:11:35+00:00","og_image":[{"width":1640,"height":924,"url":"https:\/\/majalis-lektura.hr\/wp-content\/uploads\/2026\/05\/Cream-Brown-Minimalist-Thrift-Store-Facebook-Cover-7.png","type":"image\/png"}],"twitter_card":"summary_large_image","twitter_misc":{"Est. reading time":"1 minute"},"schema":{"@context":"https:\/\/schema.org","@graph":[{"@type":"WebPage","@id":"https:\/\/majalis-lektura.hr\/?page_id=100","url":"https:\/\/majalis-lektura.hr\/?page_id=100","name":"Osvrti - Lektura teksta","isPartOf":{"@id":"https:\/\/majalis-lektura.hr\/#website"},"primaryImageOfPage":{"@id":"https:\/\/majalis-lektura.hr\/?page_id=100#primaryimage"},"image":{"@id":"https:\/\/majalis-lektura.hr\/?page_id=100#primaryimage"},"thumbnailUrl":"https:\/\/majalis-lektura.hr\/wp-content\/uploads\/2026\/05\/Cream-Brown-Minimalist-Thrift-Store-Facebook-Cover-7.png","datePublished":"2026-05-08T11:43:38+00:00","dateModified":"2026-05-08T13:11:35+00:00","breadcrumb":{"@id":"https:\/\/majalis-lektura.hr\/?page_id=100#breadcrumb"},"inLanguage":"en-US","potentialAction":[{"@type":"ReadAction","target":["https:\/\/majalis-lektura.hr\/?page_id=100"]}]},{"@type":"ImageObject","inLanguage":"en-US","@id":"https:\/\/majalis-lektura.hr\/?page_id=100#primaryimage","url":"https:\/\/majalis-lektura.hr\/wp-content\/uploads\/2026\/05\/Cream-Brown-Minimalist-Thrift-Store-Facebook-Cover-7.png","contentUrl":"https:\/\/majalis-lektura.hr\/wp-content\/uploads\/2026\/05\/Cream-Brown-Minimalist-Thrift-Store-Facebook-Cover-7.png","width":1640,"height":924},{"@type":"BreadcrumbList","@id":"https:\/\/majalis-lektura.hr\/?page_id=100#breadcrumb","itemListElement":[{"@type":"ListItem","position":1,"name":"Home","item":"https:\/\/majalis-lektura.hr\/"},{"@type":"ListItem","position":2,"name":"Osvrti"}]},{"@type":"WebSite","@id":"https:\/\/majalis-lektura.hr\/#website","url":"https:\/\/majalis-lektura.hr\/","name":"Lektura teksta","description":"Tra\u017eite brzu i pouzdanu lekturu? Do\u0161li ste na pravo mjesto!","potentialAction":[{"@type":"SearchAction","target":{"@type":"EntryPoint","urlTemplate":"https:\/\/majalis-lektura.hr\/?s={search_term_string}"},"query-input":{"@type":"PropertyValueSpecification","valueRequired":true,"valueName":"search_term_string"}}],"inLanguage":"en-US"}]}},"_links":{"self":[{"href":"https:\/\/majalis-lektura.hr\/index.php?rest_route=\/wp\/v2\/pages\/100","targetHints":{"allow":["GET"]}}],"collection":[{"href":"https:\/\/majalis-lektura.hr\/index.php?rest_route=\/wp\/v2\/pages"}],"about":[{"href":"https:\/\/majalis-lektura.hr\/index.php?rest_route=\/wp\/v2\/types\/page"}],"author":[{"embeddable":true,"href":"https:\/\/majalis-lektura.hr\/index.php?rest_route=\/wp\/v2\/users\/1"}],"replies":[{"embeddable":true,"href":"https:\/\/majalis-lektura.hr\/index.php?rest_route=%2Fwp%2Fv2%2Fcomments&post=100"}],"version-history":[{"count":9,"href":"https:\/\/majalis-lektura.hr\/index.php?rest_route=\/wp\/v2\/pages\/100\/revisions"}],"predecessor-version":[{"id":132,"href":"https:\/\/majalis-lektura.hr\/index.php?rest_route=\/wp\/v2\/pages\/100\/revisions\/132"}],"wp:featuredmedia":[{"embeddable":true,"href":"https:\/\/majalis-lektura.hr\/index.php?rest_route=\/wp\/v2\/media\/110"}],"wp:attachment":[{"href":"https:\/\/majalis-lektura.hr\/index.php?rest_route=%2Fwp%2Fv2%2Fmedia&parent=100"}],"curies":[{"name":"wp","href":"https:\/\/api.w.org\/{rel}","templated":true}]}}