{"id":10,"date":"2026-05-08T10:25:54","date_gmt":"2026-05-08T10:25:54","guid":{"rendered":"https:\/\/majalis-lektura.hr\/?page_id=10"},"modified":"2026-05-08T11:29:21","modified_gmt":"2026-05-08T11:29:21","slug":"about","status":"publish","type":"page","link":"https:\/\/majalis-lektura.hr\/?page_id=10","title":{"rendered":"O meni"},"content":{"rendered":"\n<p>Ja sam \u0110ur\u0111ica Vitkovi\u0107, <strong>magistra kroatologije i povijesti s vi\u0161egodi\u0161njim iskustvom u lektoriranju<\/strong> akademskih i znanstvenih radova.<\/p>\n\n\n\n<p>Vlasnica sam obrta za lektorsko-administrativne poslove Majalis te urednica knjiga <em>Moja pri\u010da o Zagrebu<\/em> (A. Ton\u010d), <em>Zrioba misli <\/em>(K. Pahljina) i <em>Sjetne, trpko-slasne pri\u010de <\/em>(K. Pahljina).<\/p>\n\n\n\n<figure class=\"wp-block-image size-full is-resized\"><img loading=\"lazy\" decoding=\"async\" width=\"677\" height=\"778\" src=\"https:\/\/majalis-lektura.hr\/wp-content\/uploads\/2026\/05\/Durdica-Vitkovic-portfolio.pdf.png\" alt=\"\" class=\"wp-image-44\" style=\"aspect-ratio:0.8701861975751952;width:243px;height:auto\" srcset=\"https:\/\/majalis-lektura.hr\/wp-content\/uploads\/2026\/05\/Durdica-Vitkovic-portfolio.pdf.png 677w, https:\/\/majalis-lektura.hr\/wp-content\/uploads\/2026\/05\/Durdica-Vitkovic-portfolio.pdf-261x300.png 261w\" sizes=\"auto, (max-width: 677px) 100vw, 677px\" \/><\/figure>\n","protected":false},"excerpt":{"rendered":"<p>Ja sam \u0110ur\u0111ica Vitkovi\u0107, magistra kroatologije i povijesti s vi\u0161egodi\u0161njim iskustvom u lektoriranju akademskih i znanstvenih radova. Vlasnica sam obrta za lektorsko-administrativne poslove Majalis te urednica knjiga Moja pri\u010da o Zagrebu (A. Ton\u010d), Zrioba misli (K. Pahljina) i Sjetne, trpko-slasne pri\u010de (K. Pahljina).<\/p>\n","protected":false},"author":1,"featured_media":59,"parent":0,"menu_order":0,"comment_status":"closed","ping_status":"closed","template":"","meta":{"footnotes":""},"class_list":["post-10","page","type-page","status-publish","has-post-thumbnail","hentry"],"yoast_head":"<!-- This site is optimized with the Yoast SEO plugin v27.5 - https:\/\/yoast.com\/product\/yoast-seo-wordpress\/ -->\n<title>O meni - Lektura teksta<\/title>\n<meta name=\"robots\" content=\"index, follow, max-snippet:-1, max-image-preview:large, max-video-preview:-1\" \/>\n<link rel=\"canonical\" href=\"https:\/\/majalis-lektura.hr\/?page_id=10\" \/>\n<meta property=\"og:locale\" content=\"en_US\" \/>\n<meta property=\"og:type\" content=\"article\" \/>\n<meta property=\"og:title\" content=\"O meni - Lektura teksta\" \/>\n<meta property=\"og:description\" content=\"Ja sam \u0110ur\u0111ica Vitkovi\u0107, magistra kroatologije i povijesti s vi\u0161egodi\u0161njim iskustvom u lektoriranju akademskih i znanstvenih radova. Vlasnica sam obrta za lektorsko-administrativne poslove Majalis te urednica knjiga Moja pri\u010da o Zagrebu (A. Ton\u010d), Zrioba misli (K. Pahljina) i Sjetne, trpko-slasne pri\u010de (K. Pahljina).\" \/>\n<meta property=\"og:url\" content=\"https:\/\/majalis-lektura.hr\/?page_id=10\" \/>\n<meta property=\"og:site_name\" content=\"Lektura teksta\" \/>\n<meta property=\"article:modified_time\" content=\"2026-05-08T11:29:21+00:00\" \/>\n<meta property=\"og:image\" content=\"https:\/\/majalis-lektura.hr\/wp-content\/uploads\/2026\/05\/Cream-Brown-Minimalist-Thrift-Store-Facebook-Cover-6.png\" \/>\n\t<meta property=\"og:image:width\" content=\"1640\" \/>\n\t<meta property=\"og:image:height\" content=\"924\" \/>\n\t<meta property=\"og:image:type\" content=\"image\/png\" \/>\n<meta name=\"twitter:card\" content=\"summary_large_image\" \/>\n<meta name=\"twitter:label1\" content=\"Est. reading time\" \/>\n\t<meta name=\"twitter:data1\" content=\"1 minute\" \/>\n<script type=\"application\/ld+json\" class=\"yoast-schema-graph\">{\"@context\":\"https:\\\/\\\/schema.org\",\"@graph\":[{\"@type\":\"WebPage\",\"@id\":\"https:\\\/\\\/majalis-lektura.hr\\\/?page_id=10\",\"url\":\"https:\\\/\\\/majalis-lektura.hr\\\/?page_id=10\",\"name\":\"O meni - Lektura teksta\",\"isPartOf\":{\"@id\":\"https:\\\/\\\/majalis-lektura.hr\\\/#website\"},\"primaryImageOfPage\":{\"@id\":\"https:\\\/\\\/majalis-lektura.hr\\\/?page_id=10#primaryimage\"},\"image\":{\"@id\":\"https:\\\/\\\/majalis-lektura.hr\\\/?page_id=10#primaryimage\"},\"thumbnailUrl\":\"https:\\\/\\\/majalis-lektura.hr\\\/wp-content\\\/uploads\\\/2026\\\/05\\\/Cream-Brown-Minimalist-Thrift-Store-Facebook-Cover-6.png\",\"datePublished\":\"2026-05-08T10:25:54+00:00\",\"dateModified\":\"2026-05-08T11:29:21+00:00\",\"breadcrumb\":{\"@id\":\"https:\\\/\\\/majalis-lektura.hr\\\/?page_id=10#breadcrumb\"},\"inLanguage\":\"en-US\",\"potentialAction\":[{\"@type\":\"ReadAction\",\"target\":[\"https:\\\/\\\/majalis-lektura.hr\\\/?page_id=10\"]}]},{\"@type\":\"ImageObject\",\"inLanguage\":\"en-US\",\"@id\":\"https:\\\/\\\/majalis-lektura.hr\\\/?page_id=10#primaryimage\",\"url\":\"https:\\\/\\\/majalis-lektura.hr\\\/wp-content\\\/uploads\\\/2026\\\/05\\\/Cream-Brown-Minimalist-Thrift-Store-Facebook-Cover-6.png\",\"contentUrl\":\"https:\\\/\\\/majalis-lektura.hr\\\/wp-content\\\/uploads\\\/2026\\\/05\\\/Cream-Brown-Minimalist-Thrift-Store-Facebook-Cover-6.png\",\"width\":1640,\"height\":924},{\"@type\":\"BreadcrumbList\",\"@id\":\"https:\\\/\\\/majalis-lektura.hr\\\/?page_id=10#breadcrumb\",\"itemListElement\":[{\"@type\":\"ListItem\",\"position\":1,\"name\":\"Home\",\"item\":\"https:\\\/\\\/majalis-lektura.hr\\\/\"},{\"@type\":\"ListItem\",\"position\":2,\"name\":\"O meni\"}]},{\"@type\":\"WebSite\",\"@id\":\"https:\\\/\\\/majalis-lektura.hr\\\/#website\",\"url\":\"https:\\\/\\\/majalis-lektura.hr\\\/\",\"name\":\"Lektura teksta\",\"description\":\"Tra\u017eite brzu i pouzdanu lekturu? Do\u0161li ste na pravo mjesto!\",\"potentialAction\":[{\"@type\":\"SearchAction\",\"target\":{\"@type\":\"EntryPoint\",\"urlTemplate\":\"https:\\\/\\\/majalis-lektura.hr\\\/?s={search_term_string}\"},\"query-input\":{\"@type\":\"PropertyValueSpecification\",\"valueRequired\":true,\"valueName\":\"search_term_string\"}}],\"inLanguage\":\"en-US\"}]}<\/script>\n<!-- \/ Yoast SEO plugin. -->","yoast_head_json":{"title":"O meni - Lektura teksta","robots":{"index":"index","follow":"follow","max-snippet":"max-snippet:-1","max-image-preview":"max-image-preview:large","max-video-preview":"max-video-preview:-1"},"canonical":"https:\/\/majalis-lektura.hr\/?page_id=10","og_locale":"en_US","og_type":"article","og_title":"O meni - Lektura teksta","og_description":"Ja sam \u0110ur\u0111ica Vitkovi\u0107, magistra kroatologije i povijesti s vi\u0161egodi\u0161njim iskustvom u lektoriranju akademskih i znanstvenih radova. Vlasnica sam obrta za lektorsko-administrativne poslove Majalis te urednica knjiga Moja pri\u010da o Zagrebu (A. Ton\u010d), Zrioba misli (K. Pahljina) i Sjetne, trpko-slasne pri\u010de (K. Pahljina).","og_url":"https:\/\/majalis-lektura.hr\/?page_id=10","og_site_name":"Lektura teksta","article_modified_time":"2026-05-08T11:29:21+00:00","og_image":[{"width":1640,"height":924,"url":"https:\/\/majalis-lektura.hr\/wp-content\/uploads\/2026\/05\/Cream-Brown-Minimalist-Thrift-Store-Facebook-Cover-6.png","type":"image\/png"}],"twitter_card":"summary_large_image","twitter_misc":{"Est. reading time":"1 minute"},"schema":{"@context":"https:\/\/schema.org","@graph":[{"@type":"WebPage","@id":"https:\/\/majalis-lektura.hr\/?page_id=10","url":"https:\/\/majalis-lektura.hr\/?page_id=10","name":"O meni - Lektura teksta","isPartOf":{"@id":"https:\/\/majalis-lektura.hr\/#website"},"primaryImageOfPage":{"@id":"https:\/\/majalis-lektura.hr\/?page_id=10#primaryimage"},"image":{"@id":"https:\/\/majalis-lektura.hr\/?page_id=10#primaryimage"},"thumbnailUrl":"https:\/\/majalis-lektura.hr\/wp-content\/uploads\/2026\/05\/Cream-Brown-Minimalist-Thrift-Store-Facebook-Cover-6.png","datePublished":"2026-05-08T10:25:54+00:00","dateModified":"2026-05-08T11:29:21+00:00","breadcrumb":{"@id":"https:\/\/majalis-lektura.hr\/?page_id=10#breadcrumb"},"inLanguage":"en-US","potentialAction":[{"@type":"ReadAction","target":["https:\/\/majalis-lektura.hr\/?page_id=10"]}]},{"@type":"ImageObject","inLanguage":"en-US","@id":"https:\/\/majalis-lektura.hr\/?page_id=10#primaryimage","url":"https:\/\/majalis-lektura.hr\/wp-content\/uploads\/2026\/05\/Cream-Brown-Minimalist-Thrift-Store-Facebook-Cover-6.png","contentUrl":"https:\/\/majalis-lektura.hr\/wp-content\/uploads\/2026\/05\/Cream-Brown-Minimalist-Thrift-Store-Facebook-Cover-6.png","width":1640,"height":924},{"@type":"BreadcrumbList","@id":"https:\/\/majalis-lektura.hr\/?page_id=10#breadcrumb","itemListElement":[{"@type":"ListItem","position":1,"name":"Home","item":"https:\/\/majalis-lektura.hr\/"},{"@type":"ListItem","position":2,"name":"O meni"}]},{"@type":"WebSite","@id":"https:\/\/majalis-lektura.hr\/#website","url":"https:\/\/majalis-lektura.hr\/","name":"Lektura teksta","description":"Tra\u017eite brzu i pouzdanu lekturu? Do\u0161li ste na pravo mjesto!","potentialAction":[{"@type":"SearchAction","target":{"@type":"EntryPoint","urlTemplate":"https:\/\/majalis-lektura.hr\/?s={search_term_string}"},"query-input":{"@type":"PropertyValueSpecification","valueRequired":true,"valueName":"search_term_string"}}],"inLanguage":"en-US"}]}},"_links":{"self":[{"href":"https:\/\/majalis-lektura.hr\/index.php?rest_route=\/wp\/v2\/pages\/10","targetHints":{"allow":["GET"]}}],"collection":[{"href":"https:\/\/majalis-lektura.hr\/index.php?rest_route=\/wp\/v2\/pages"}],"about":[{"href":"https:\/\/majalis-lektura.hr\/index.php?rest_route=\/wp\/v2\/types\/page"}],"author":[{"embeddable":true,"href":"https:\/\/majalis-lektura.hr\/index.php?rest_route=\/wp\/v2\/users\/1"}],"replies":[{"embeddable":true,"href":"https:\/\/majalis-lektura.hr\/index.php?rest_route=%2Fwp%2Fv2%2Fcomments&post=10"}],"version-history":[{"count":5,"href":"https:\/\/majalis-lektura.hr\/index.php?rest_route=\/wp\/v2\/pages\/10\/revisions"}],"predecessor-version":[{"id":76,"href":"https:\/\/majalis-lektura.hr\/index.php?rest_route=\/wp\/v2\/pages\/10\/revisions\/76"}],"wp:featuredmedia":[{"embeddable":true,"href":"https:\/\/majalis-lektura.hr\/index.php?rest_route=\/wp\/v2\/media\/59"}],"wp:attachment":[{"href":"https:\/\/majalis-lektura.hr\/index.php?rest_route=%2Fwp%2Fv2%2Fmedia&parent=10"}],"curies":[{"name":"wp","href":"https:\/\/api.w.org\/{rel}","templated":true}]}}